{"id":2,"date":"2015-03-20T01:38:55","date_gmt":"2015-03-20T01:38:55","guid":{"rendered":"http:\/\/www.servigema.com\/?page_id=2"},"modified":"2024-10-15T14:40:18","modified_gmt":"2024-10-15T19:40:18","slug":"pagina-ejemplo","status":"publish","type":"page","link":"https:\/\/www.servigema.com\/","title":{"rendered":"Home"},"content":{"rendered":"<h2 style=\"text-align: left;\">Consultor T\u00e9cnico en la prestaci\u00f3n de servicios profesionales de ingenier\u00eda para: miner\u00eda, ambiente, geolog\u00eda, geolog\u00eda-geotecnia para obras civiles<\/h2>\n<p style=\"text-align: justify;\"><a href=\"http:\/\/www.servigema.com\/wp-content\/uploads\/2015\/03\/sgmab.jpg\"><img decoding=\"async\" loading=\"lazy\" class=\" size-medium wp-image-87 alignleft\" src=\"http:\/\/www.servigema.com\/wp-content\/uploads\/2015\/03\/sgmab-300x264.jpg\" alt=\"sgmab\" width=\"300\" height=\"264\" srcset=\"https:\/\/www.servigema.com\/wp-content\/uploads\/2015\/03\/sgmab-300x264.jpg 300w, https:\/\/www.servigema.com\/wp-content\/uploads\/2015\/03\/sgmab-150x132.jpg 150w, https:\/\/www.servigema.com\/wp-content\/uploads\/2015\/03\/sgmab.jpg 551w\" sizes=\"(max-width: 300px) 100vw, 300px\" \/><\/a><strong>Carlos Efren Salinas Calero<\/strong>, es parte del equipo de profesionales de la <strong>Ex SERVIGEMAB&amp;CONSULGEMAB C\u00eda. Ltda.<\/strong>,<\/p>\n<p style=\"text-align: justify;\"><strong>SERVIGEMAB&amp;CONSULGEMAB<\/strong>\u00a0&#8211; informan a quienes vistan la p\u00e1gina web en <a href=\"http:\/\/www.servigema.com\">servigema.com<\/a>, que se retirado el sitio web de \u00e9sta empresa fundada en julio de 1999, la que luego de permanecer por cerca de 15 a\u00f1os en el mercado de la consultor\u00eda, ceso en su oferta profesional en julio del 2014, mediante Resoluci\u00f3n No. SCV.IRL.14.164, de la SUPERINTENDENTE DE COMPA\u00d1\u00cdAS DE LOJA.<\/p>\n<p style=\"text-align: justify;\">Siendo oportuno informar a los visitantes de <a href=\"http:\/\/www.servigema.com\">servigema.com<\/a>, que la misma ha dejando su experiencia plasmada en un colectivo de profesionales de planta y consultores asociados que coordina &#8211; <strong>Carlos Salinas<\/strong><em> &#8211;<\/em> el cual a integrado un grupo multidisciplinario con una basta experiencia, y capacitados para poner a dispocisi\u00f3n del publico en general, sector de la ingenier\u00eda, arquitectura, y ramas afines, servicios de consultor\u00eda para atender con soluciones a los problemas y necesidades de la: miner\u00eda, geolog\u00eda, ambiente, ingenieria civil, geolog\u00eda-geotecnia.<\/p>\n<p style=\"text-align: justify;\">Trabajamos en red para garantizar-sustentar servicios-resultados de calidad, de tal forma que mantenemos relaciones de trabajo con laboratorios especializados, expertos en manejo de equipos de topograf\u00eda con tecnolog\u00eda de punta, adem\u00e1s de contar con el apoyo de asesores con basta experiencia profesional nacional e internacional.<\/p>\n\n<div class=\"twitter-share\"><a href=\"https:\/\/twitter.com\/intent\/tweet?via=salinasCE\" class=\"twitter-share-button\" data-size=\"large\">Tweet<\/a><\/div>\n","protected":false},"excerpt":{"rendered":"<p>Consultor T\u00e9cnico en la prestaci\u00f3n de servicios profesionales de ingenier\u00eda para: miner\u00eda, ambiente, geolog\u00eda, geolog\u00eda-geotecnia para obras civiles Carlos Efren Salinas Calero, es parte del equipo de profesionales de la Ex SERVIGEMAB&amp;CONSULGEMAB C\u00eda. Ltda., SERVIGEMAB&amp;CONSULGEMAB\u00a0&#8211; informan a quienes vistan la p\u00e1gina web en servigema.com, que se retirado el sitio web de \u00e9sta empresa fundada en&hellip; <a class=\"read-more\" href=\"https:\/\/www.servigema.com\/\">Read More<\/a><\/p>\n","protected":false},"author":1,"featured_media":61,"parent":0,"menu_order":0,"comment_status":"closed","ping_status":"open","template":"","meta":[],"_links":{"self":[{"href":"https:\/\/www.servigema.com\/index.php?rest_route=\/wp\/v2\/pages\/2"}],"collection":[{"href":"https:\/\/www.servigema.com\/index.php?rest_route=\/wp\/v2\/pages"}],"about":[{"href":"https:\/\/www.servigema.com\/index.php?rest_route=\/wp\/v2\/types\/page"}],"author":[{"embeddable":true,"href":"https:\/\/www.servigema.com\/index.php?rest_route=\/wp\/v2\/users\/1"}],"replies":[{"embeddable":true,"href":"https:\/\/www.servigema.com\/index.php?rest_route=%2Fwp%2Fv2%2Fcomments&post=2"}],"version-history":[{"count":37,"href":"https:\/\/www.servigema.com\/index.php?rest_route=\/wp\/v2\/pages\/2\/revisions"}],"predecessor-version":[{"id":358,"href":"https:\/\/www.servigema.com\/index.php?rest_route=\/wp\/v2\/pages\/2\/revisions\/358"}],"wp:featuredmedia":[{"embeddable":true,"href":"https:\/\/www.servigema.com\/index.php?rest_route=\/wp\/v2\/media\/61"}],"wp:attachment":[{"href":"https:\/\/www.servigema.com\/index.php?rest_route=%2Fwp%2Fv2%2Fmedia&parent=2"}],"curies":[{"name":"wp","href":"https:\/\/api.w.org\/{rel}","templated":true}]}}