{"id":37,"date":"2015-03-20T15:51:43","date_gmt":"2015-03-20T20:51:43","guid":{"rendered":"http:\/\/www.servigema.com\/?page_id=37"},"modified":"2022-06-05T15:05:23","modified_gmt":"2022-06-05T20:05:23","slug":"servicios","status":"publish","type":"page","link":"http:\/\/www.servigema.com\/?page_id=37","title":{"rendered":"Experiencia Profesional, Servicios Equipamiento"},"content":{"rendered":"\n<div id=\"about_us\">\n<h3><strong>Experticia<\/strong><\/h3>\n<ul>\n<li style=\"text-align: justify;\"><strong>Peque\u00f1a<a title=\"Miner\u00eda\" href=\"http:\/\/www.servigema.com\/?page_id=24\"> Miner\u00eda<\/a><\/strong>, mineria artesanal en lo relacionado a: exploraci\u00f3n, explotaci\u00f3n y operaci\u00f3n de proyectos mineros<\/li>\n<li style=\"text-align: justify;\"><strong>Consultoria<a title=\"Geolog\u00eda\" href=\"http:\/\/www.servigema.com\/?page_id=26\"> Geol\u00f3gica<\/a><\/strong> para apoyo al dise\u00f1o de Obras Civiles entre ellas: proyectos de riego, proyectos de agua potable, puentes, urbanizaciones, otras<\/li>\n<li style=\"text-align: justify;\"><strong>Fotointerpretaci\u00f3n aplicada<\/strong> a estudios-investigaciones ge\u00f3logo-mineras, ambientales (EIA, AA)<\/li>\n<li style=\"text-align: justify;\"><strong><a title=\"Geolog\u00eda\" href=\"http:\/\/www.servigema.com\/?page_id=26\">Geolog\u00eda<\/a>-geotecnia<\/strong> para obras civiles<\/li>\n<li style=\"text-align: justify;\">Aspectos de <strong>Protecci\u00f3n<\/strong> <strong><a title=\"Medio Ambiente\" href=\"http:\/\/www.servigema.com\/?page_id=28\">Ambiental<\/a><\/strong> en lo relacionado a recomendaciones para la gesti\u00f3n ambiental de emprendimientos mineros, civiles, geol\u00f3gicos<\/li>\n<li style=\"text-align: justify;\">Asesoria a ONGs, OGs que trabajan con emprendimiento en <strong>Ciencias de la Tierra<\/strong><\/li>\n<\/ul>\n<p style=\"text-align: justify;\"><\/p>\n<h3><strong> Expositor <\/strong><\/h3>\n<ul>\n<li class=\"date\" style=\"text-align: justify;\"><strong>Local<\/strong>: Foros, seminarios, curso de capacitaci\u00f3n en: Loja, El Oro, Zamora Chinchipe, Guayaquil<\/li>\n<li class=\"date\" style=\"text-align: justify;\"><strong>Internacional<\/strong>:<span class=\"date\"> En RFA, Brasil, Bolivia, y Per\u00fa<\/span><\/li>\n<\/ul>\n<\/div>\n<div id=\"clients\">\n<h3><strong>Entre los Clientes Destacamos a:<br \/>\n<\/strong><\/h3>\n<p><strong>Peque\u00f1os Mineros y Empresas de Peque\u00f1a Miner\u00eda<\/strong><\/p>\n<p>El Porvenir, Asociaci\u00f3n de Mineros de Pangui y Cunguime, APROPLASMIN-Zaruma\/Portovelo, Asociaci\u00f3n Comunitaria Minera El C\u00f3ndor, Empresa Paz&amp;Borja, GRUMINTOR, MINEREICIS, EYMEN CORP S.A., GRUPO MINERO URE\u00d1A<\/p>\n<h4><strong>Consultores Privados<\/strong><\/h4>\n<p>Ingenieros Civiles, contratista y consultores de obras civiles (v\u00edas, puentes, proyectos de agua potable, otras), entre ellos: Luis Hern\u00e1n Eguiguren, Rafael Gonz\u00e1lez, Pablo Torres, Pablo Paccha, Oswaldo Mora, Tony Cisneros, Edmundo Jim\u00e9nez, Pablo Alvarado, Carlos Aguilar, otros<\/p>\n<h4><strong>ONGs, OGs<\/strong><\/h4>\n<p style=\"text-align: justify;\">En los ya cerca de 38 a\u00f1os de experiencia profesional he trabajado en varios proyectos de desarrollo y asistencia t\u00e9cnica, ejecutados por ONGs. As\u00ed tambi\u00e9n para algunas OGs en el Sur del Ecuador, tales como:<\/p>\n<p style=\"text-align: justify;\">Fundaci\u00f3n CENDA para el Proyecto Miner\u00eda sin Contaminaci\u00f3n<\/p>\n<p style=\"text-align: justify;\">Fundaci\u00f3n Natura y MAE, para el Proyecto Binacional Paz y Conservaci\u00f3n en la Cordillera del C\u00f3ndor<\/p>\n<p style=\"text-align: justify;\">Fundaci\u00f3n Ecol\u00f3gica Arcoiris en varias peque\u00f1os proyectos en Zamora Chinchipe<\/p>\n<p style=\"text-align: justify;\">CooperaAcci\u00f3n de Lima-Per\u00fa, para el proyecto en Santa Filomena<\/p>\n<p>Gobierno Provincial de Loja para el Plan de Desarrollo de la Provincia de Loja<\/p>\n<p>MAE Regional Loja-Zamora, para el Plan Estrat\u00e9gico Ambiental Regional<\/p>\n<p>Fundaci\u00f3n Futuro Latinoamericano &#8211; Charlas de Motivaci\u00f3n Ambiental y Miner\u00eda<\/p>\n<p>Otras ONGs &#8211; en temas ambientales y miner\u00eda en Ecuador<\/p>\n<h4><strong>Cooperaci\u00f3n Internacional<\/strong><\/h4>\n<p>COSUDE, OIT, BANCO MUNDIAL, PROGRAMA PODOCARPUS &#8211; Cooperaci\u00f3n de los Pa\u00edses Bajos<\/p>\n<h4><strong>Otros<\/strong><\/h4>\n<p>Funeraria Jaramillo, COVILLS.A., Peque\u00f1as Lavadoras-Lubricadoras de Veh\u00edculos, IGE C\u00eda. Ltda.<\/p>\n<h3><strong>Hoja de Vida Resumida<br \/>\n<\/strong><\/h3>\n<p><span style=\"color: #000000;\">Estudios In\u00edciales (Primarios, Secundarios)<\/span><\/p>\n<p>Escuela Gonzalo Abad Grijalva, Pi\u00f1as, El Oro<br \/>\nColegio Experimental Bernardo Valdivieso, Loja<\/p>\n<p><span style=\"color: #000000;\">Estudios Universitarios<\/span><br \/>\nUniversidad Central del Ecuador, Quito (1ro y 2do a\u00f1o)<br \/>\nUniversidad de la Amistad de los Pueblos Patricio Lumumba- U.A.P.P.L., Mosc\u00fa-URSS (carrera completa)<\/p>\n<p><span style=\"color: #000000;\">T\u00edtulos Obtenidos<\/span><\/p>\n<p>Ingeniero Ge\u00f3logo de Minas<br \/>\nMaster of Science Geology<br \/>\nTraductor de Ruso<\/p>\n<p><span style=\"color: #000000;\">Cursos de Postgrado<\/span><br \/>\nGeolog\u00eda Ingenieril-Geotecnia, Mosc\u00fa-URSS<br \/>\nFotorestituci\u00f3n A\u00e9rea, Alemania<br \/>\nCurso de Formaci\u00f3n en Aspectos Geol\u00f3gicos de Protecci\u00f3n Ambiental, organizado por UNESCO, PNUMA, UNICAMP, Campinas, Brasil<\/p>\n<p>Curso Sistema Financiero Mundial y Crisis, organizado por PLED de Argentina con el apoyo de: CCCFG, UNRC, UNAM<\/p>\n<p><span style=\"color: #000000;\"> Expositor<\/span><br \/>\nA nivel local: Loja, Cuenca, Guayaquil, Zamora, Machala<br \/>\nInternacional: Munich-Rep\u00fablica Federal Alemana, Brasil, Bolivia y Per\u00fa<\/p>\n<p><span style=\"color: #000000;\">Experiencia Profesional<\/span><\/p>\n<p>A nivel local: T\u00e9cnico y Consultor de empresas mineras nacionales, organizaciones de peque\u00f1a miner\u00eda y mineros artesanales, sector privado, sector de la ingenier\u00eda civil, cooperaci\u00f3n internacional, ONGs, y OGs, Docente UTPL<br \/>\nA nivel internacional: Consultor t\u00e9cnico para la OIT, GAMA-COSUDE<\/p>\n<p><span style=\"color: #000000;\">Investigaciones<\/span><br \/>\nDe yacimientos de carb\u00f3n y arcillas de la UTPL<\/p>\n<p><span style=\"color: #000000;\">Publicaciones<\/span><br \/>\nPara participaciones como expositor, editor-jefe del Bolet\u00edn Minero del Proyecto Miner\u00eda sin Contaminaci\u00f3n-COSUDE\/CENDA\/Projekt Consult GmbH, sobre miner\u00eda y geolog\u00eda de minerales, aspectos ambientales Regi\u00f3n Sur del Ecuador<\/p>\n<h3><strong>Equipamiento B\u00e1sico<br \/>\n<\/strong><\/h3>\n<p><span style=\"color: #000000;\">Equipo b\u00e1sico de oficina (computador personal, impresoras, GPS Garmin-DAKOTA20, otros accesorios)<\/span><\/p>\n<p><span style=\"color: #000000;\">Sonometro portatil PCE-EM882<\/span><\/p>\n<p><span style=\"color: #000000;\">Equipo para toma de muestras de agua, y sedimentos (con fines ambientales)<\/span><\/p>\n<p><span style=\"color: #000000;\">Medidores HANNA de: pH (HI 9023), y Eh (HI 9033)<\/span><\/p>\n<p><span style=\"color: #000000;\">Medidor portatil de emisiones de gases<\/span><\/p>\n<\/div>\n<div id=\"__if72ru4sdfsdfrkjahiuyi_once\" style=\"display: none;\"><\/div>\n<div id=\"__if72ru4sdfsdfruh7fewui_once\" style=\"display: none;\"><\/div>\n<div id=\"__hggasdgjhsagd_once\" style=\"display: none;\"><\/div>\n\n<div class=\"twitter-share\"><a href=\"https:\/\/twitter.com\/intent\/tweet?via=salinasCE\" class=\"twitter-share-button\" data-size=\"large\">Tweet<\/a><\/div>\n","protected":false},"excerpt":{"rendered":"<p>Experticia Peque\u00f1a Miner\u00eda, mineria artesanal en lo relacionado a: exploraci\u00f3n, explotaci\u00f3n y operaci\u00f3n de proyectos mineros Consultoria Geol\u00f3gica para apoyo al dise\u00f1o de Obras Civiles entre ellas: proyectos de riego, proyectos de agua potable, puentes, urbanizaciones, otras Fotointerpretaci\u00f3n aplicada a estudios-investigaciones ge\u00f3logo-mineras, ambientales (EIA, AA) Geolog\u00eda-geotecnia para obras civiles Aspectos de Protecci\u00f3n Ambiental en lo&hellip; <a class=\"read-more\" href=\"http:\/\/www.servigema.com\/?page_id=37\">Read More<\/a><\/p>\n","protected":false},"author":1,"featured_media":0,"parent":0,"menu_order":1,"comment_status":"closed","ping_status":"open","template":"","meta":[],"_links":{"self":[{"href":"http:\/\/www.servigema.com\/index.php?rest_route=\/wp\/v2\/pages\/37"}],"collection":[{"href":"http:\/\/www.servigema.com\/index.php?rest_route=\/wp\/v2\/pages"}],"about":[{"href":"http:\/\/www.servigema.com\/index.php?rest_route=\/wp\/v2\/types\/page"}],"author":[{"embeddable":true,"href":"http:\/\/www.servigema.com\/index.php?rest_route=\/wp\/v2\/users\/1"}],"replies":[{"embeddable":true,"href":"http:\/\/www.servigema.com\/index.php?rest_route=%2Fwp%2Fv2%2Fcomments&post=37"}],"version-history":[{"count":30,"href":"http:\/\/www.servigema.com\/index.php?rest_route=\/wp\/v2\/pages\/37\/revisions"}],"predecessor-version":[{"id":331,"href":"http:\/\/www.servigema.com\/index.php?rest_route=\/wp\/v2\/pages\/37\/revisions\/331"}],"wp:attachment":[{"href":"http:\/\/www.servigema.com\/index.php?rest_route=%2Fwp%2Fv2%2Fmedia&parent=37"}],"curies":[{"name":"wp","href":"https:\/\/api.w.org\/{rel}","templated":true}]}}