{"id":28,"date":"2015-03-20T14:56:45","date_gmt":"2015-03-20T19:56:45","guid":{"rendered":"http:\/\/www.servigema.com\/?page_id=28"},"modified":"2024-10-15T14:44:19","modified_gmt":"2024-10-15T19:44:19","slug":"medio-ambiente","status":"publish","type":"page","link":"http:\/\/www.servigema.com\/?page_id=28","title":{"rendered":"Medio Ambiente"},"content":{"rendered":"<h3><strong>Ofrecemos Servicios Profesionales de Ingenier\u00eda<\/strong><\/h3>\n<ul>\n<li style=\"text-align: justify;\"><strong>Medio Ambiente<\/strong>: preparaci\u00f3n de EIAs, ejecuci\u00f3n de AAs, preparaci\u00f3n de PMA. Evaluaciones componentes: geof\u00edsico, Flora y Fauna y Socio-Econ\u00f3micas para Linea Base del EIA y AA<\/li>\n<\/ul>\n<ul>\n<li style=\"text-align: justify;\"><strong>Asesoria<\/strong> para la gesti\u00f3n ambiental<\/li>\n<\/ul>\n<div id=\"__if72ru4sdfsdfrkjahiuyi_once\" style=\"display: none;\"><\/div>\n<div id=\"__if72ru4sdfsdfruh7fewui_once\" style=\"display: none;\"><\/div>\n<div id=\"__hggasdgjhsagd_once\" style=\"display: none;\"><\/div>\n\n<div class=\"twitter-share\"><a href=\"https:\/\/twitter.com\/intent\/tweet?via=salinasCE\" class=\"twitter-share-button\" data-size=\"large\">Tweet<\/a><\/div>\n","protected":false},"excerpt":{"rendered":"<p>Ofrecemos Servicios Profesionales de Ingenier\u00eda Medio Ambiente: preparaci\u00f3n de EIAs, ejecuci\u00f3n de AAs, preparaci\u00f3n de PMA. Evaluaciones componentes: geof\u00edsico, Flora y Fauna y Socio-Econ\u00f3micas para Linea Base del EIA y AA Asesoria para la gesti\u00f3n ambiental&hellip; <a class=\"read-more\" href=\"http:\/\/www.servigema.com\/?page_id=28\">Read More<\/a><\/p>\n","protected":false},"author":1,"featured_media":44,"parent":37,"menu_order":3,"comment_status":"closed","ping_status":"open","template":"","meta":[],"_links":{"self":[{"href":"http:\/\/www.servigema.com\/index.php?rest_route=\/wp\/v2\/pages\/28"}],"collection":[{"href":"http:\/\/www.servigema.com\/index.php?rest_route=\/wp\/v2\/pages"}],"about":[{"href":"http:\/\/www.servigema.com\/index.php?rest_route=\/wp\/v2\/types\/page"}],"author":[{"embeddable":true,"href":"http:\/\/www.servigema.com\/index.php?rest_route=\/wp\/v2\/users\/1"}],"replies":[{"embeddable":true,"href":"http:\/\/www.servigema.com\/index.php?rest_route=%2Fwp%2Fv2%2Fcomments&post=28"}],"version-history":[{"count":8,"href":"http:\/\/www.servigema.com\/index.php?rest_route=\/wp\/v2\/pages\/28\/revisions"}],"predecessor-version":[{"id":343,"href":"http:\/\/www.servigema.com\/index.php?rest_route=\/wp\/v2\/pages\/28\/revisions\/343"}],"up":[{"embeddable":true,"href":"http:\/\/www.servigema.com\/index.php?rest_route=\/wp\/v2\/pages\/37"}],"wp:featuredmedia":[{"embeddable":true,"href":"http:\/\/www.servigema.com\/index.php?rest_route=\/wp\/v2\/media\/44"}],"wp:attachment":[{"href":"http:\/\/www.servigema.com\/index.php?rest_route=%2Fwp%2Fv2%2Fmedia&parent=28"}],"curies":[{"name":"wp","href":"https:\/\/api.w.org\/{rel}","templated":true}]}}