{"id":26,"date":"2015-03-20T14:56:20","date_gmt":"2015-03-20T19:56:20","guid":{"rendered":"http:\/\/www.servigema.com\/?page_id=26"},"modified":"2015-03-26T14:50:36","modified_gmt":"2015-03-26T19:50:36","slug":"geologia","status":"publish","type":"page","link":"http:\/\/www.servigema.com\/?page_id=26","title":{"rendered":"Geolog\u00eda"},"content":{"rendered":"<h3><strong>Ofrecemos Servicios Profesionales de Ingenier\u00eda<\/strong><\/h3>\n<p>&nbsp;<\/p>\n<ul>\n<li style=\"text-align: justify;\"><strong>Evaluaci\u00f3n Geol\u00f3gica-geotecnica<\/strong>: <span title=\"Miner\u00eda\">para obras civiles, proyectos mineros, proyectos ambientales<\/span><\/li>\n<\/ul>\n<ul>\n<li style=\"text-align: justify;\"><strong>Geolog\u00eda<\/strong>: <span title=\"Miner\u00eda\">levantamiento geol\u00f3gico, evaluaci\u00f3n de riesgo ge\u00f3logico aplicado desarrollo urbano, proyectos mineros, obras civiles<\/span><span style=\"color: #000000;\" title=\"Miner\u00eda\"><br \/>\n<\/span><\/li>\n<\/ul>\n<p>&nbsp;<\/p>\n<div id=\"__if72ru4sdfsdfrkjahiuyi_once\" style=\"display: none;\"><\/div>\n<div id=\"__if72ru4sdfsdfruh7fewui_once\" style=\"display: none;\"><\/div>\n<div id=\"__hggasdgjhsagd_once\" style=\"display: none;\"><\/div>\n\n<div class=\"twitter-share\"><a href=\"https:\/\/twitter.com\/intent\/tweet?via=salinasCE\" class=\"twitter-share-button\" data-size=\"large\">Tweet<\/a><\/div>\n","protected":false},"excerpt":{"rendered":"<p>Ofrecemos Servicios Profesionales de Ingenier\u00eda &nbsp; Evaluaci\u00f3n Geol\u00f3gica-geotecnica: para obras civiles, proyectos mineros, proyectos ambientales Geolog\u00eda: levantamiento geol\u00f3gico, evaluaci\u00f3n de riesgo ge\u00f3logico aplicado desarrollo urbano, proyectos mineros, obras civiles &nbsp;&hellip; <a class=\"read-more\" href=\"http:\/\/www.servigema.com\/?page_id=26\">Read More<\/a><\/p>\n","protected":false},"author":1,"featured_media":42,"parent":37,"menu_order":1,"comment_status":"closed","ping_status":"open","template":"","meta":[],"_links":{"self":[{"href":"http:\/\/www.servigema.com\/index.php?rest_route=\/wp\/v2\/pages\/26"}],"collection":[{"href":"http:\/\/www.servigema.com\/index.php?rest_route=\/wp\/v2\/pages"}],"about":[{"href":"http:\/\/www.servigema.com\/index.php?rest_route=\/wp\/v2\/types\/page"}],"author":[{"embeddable":true,"href":"http:\/\/www.servigema.com\/index.php?rest_route=\/wp\/v2\/users\/1"}],"replies":[{"embeddable":true,"href":"http:\/\/www.servigema.com\/index.php?rest_route=%2Fwp%2Fv2%2Fcomments&post=26"}],"version-history":[{"count":6,"href":"http:\/\/www.servigema.com\/index.php?rest_route=\/wp\/v2\/pages\/26\/revisions"}],"predecessor-version":[{"id":194,"href":"http:\/\/www.servigema.com\/index.php?rest_route=\/wp\/v2\/pages\/26\/revisions\/194"}],"up":[{"embeddable":true,"href":"http:\/\/www.servigema.com\/index.php?rest_route=\/wp\/v2\/pages\/37"}],"wp:featuredmedia":[{"embeddable":true,"href":"http:\/\/www.servigema.com\/index.php?rest_route=\/wp\/v2\/media\/42"}],"wp:attachment":[{"href":"http:\/\/www.servigema.com\/index.php?rest_route=%2Fwp%2Fv2%2Fmedia&parent=26"}],"curies":[{"name":"wp","href":"https:\/\/api.w.org\/{rel}","templated":true}]}}