{"id":24,"date":"2015-03-20T14:55:59","date_gmt":"2015-03-20T19:55:59","guid":{"rendered":"http:\/\/www.servigema.com\/?page_id=24"},"modified":"2024-10-15T14:41:44","modified_gmt":"2024-10-15T19:41:44","slug":"mineria","status":"publish","type":"page","link":"http:\/\/www.servigema.com\/?page_id=24","title":{"rendered":"Miner\u00eda"},"content":{"rendered":"<h3><strong>Ofrecemos Servicios Profesionales de Ingenier\u00eda<\/strong><\/h3>\n<ul>\n<li style=\"text-align: justify;\"><strong>Miner\u00eda<\/strong>: Acompa\u00f1amiento en visitas a zonas mineras<\/li>\n<\/ul>\n\n<div class=\"twitter-share\"><a href=\"https:\/\/twitter.com\/intent\/tweet?via=salinasCE\" class=\"twitter-share-button\" data-size=\"large\">Tweet<\/a><\/div>\n","protected":false},"excerpt":{"rendered":"<p>Ofrecemos Servicios Profesionales de Ingenier\u00eda Miner\u00eda: Acompa\u00f1amiento en visitas a zonas mineras&hellip; <a class=\"read-more\" href=\"http:\/\/www.servigema.com\/?page_id=24\">Read More<\/a><\/p>\n","protected":false},"author":1,"featured_media":43,"parent":37,"menu_order":2,"comment_status":"closed","ping_status":"open","template":"","meta":[],"_links":{"self":[{"href":"http:\/\/www.servigema.com\/index.php?rest_route=\/wp\/v2\/pages\/24"}],"collection":[{"href":"http:\/\/www.servigema.com\/index.php?rest_route=\/wp\/v2\/pages"}],"about":[{"href":"http:\/\/www.servigema.com\/index.php?rest_route=\/wp\/v2\/types\/page"}],"author":[{"embeddable":true,"href":"http:\/\/www.servigema.com\/index.php?rest_route=\/wp\/v2\/users\/1"}],"replies":[{"embeddable":true,"href":"http:\/\/www.servigema.com\/index.php?rest_route=%2Fwp%2Fv2%2Fcomments&post=24"}],"version-history":[{"count":4,"href":"http:\/\/www.servigema.com\/index.php?rest_route=\/wp\/v2\/pages\/24\/revisions"}],"predecessor-version":[{"id":341,"href":"http:\/\/www.servigema.com\/index.php?rest_route=\/wp\/v2\/pages\/24\/revisions\/341"}],"up":[{"embeddable":true,"href":"http:\/\/www.servigema.com\/index.php?rest_route=\/wp\/v2\/pages\/37"}],"wp:featuredmedia":[{"embeddable":true,"href":"http:\/\/www.servigema.com\/index.php?rest_route=\/wp\/v2\/media\/43"}],"wp:attachment":[{"href":"http:\/\/www.servigema.com\/index.php?rest_route=%2Fwp%2Fv2%2Fmedia&parent=24"}],"curies":[{"name":"wp","href":"https:\/\/api.w.org\/{rel}","templated":true}]}}